{"id":13396,"date":"2014-03-24T10:54:51","date_gmt":"2014-03-24T07:54:51","guid":{"rendered":"https:\/\/bridge300.qodeinteractive.com\/?page_id=13396"},"modified":"2023-02-10T15:21:45","modified_gmt":"2023-02-10T12:21:45","slug":"yonetim-kurulu","status":"publish","type":"page","link":"http:\/\/rosemarinesitesi.net\/index.php\/yonetim-kurulu\/","title":{"rendered":"Y\u00f6netim Kurulu"},"content":{"rendered":"<h2 style=\"text-align: center;\">Y\u00d6NET\u0130M KURULU<\/h2>\n<p>\t\t\t\t\t\t\t\t\t\t\t\t\t\t\t<img decoding=\"async\" src=\"http:\/\/rosemarinesitesi.net\/wp-content\/uploads\/elementor\/thumbs\/img209-q1yddjrp5cqkg6t6zwhwds8eu54z5hmv23kr8kprno.jpg\" title=\"img209\" alt=\"img209\" \/>\t\t\t\t\t\t\t\t\t\t\t\t\t\t\t<\/p>\n<h5 style=\"text-align: center;\">ERTAT \u00c7OK\u0130MRE<\/h5>\n<h5 style=\"text-align: center;\"><strong>Y\u00d6NET\u0130M KURULU<\/strong><br \/><strong>BA\u015eKANI<\/strong><\/h5>\n<p>\t\t\t\t\t\t\t\t\t\t\t\t\t\t\t<img decoding=\"async\" width=\"228\" height=\"300\" src=\"http:\/\/rosemarinesitesi.net\/wp-content\/uploads\/2023\/02\/img562-228x300.jpg\" alt=\"\" loading=\"lazy\" srcset=\"http:\/\/rosemarinesitesi.net\/wp-content\/uploads\/2023\/02\/img562-228x300.jpg 228w, http:\/\/rosemarinesitesi.net\/wp-content\/uploads\/2023\/02\/img562.jpg 378w\" sizes=\"auto, (max-width: 228px) 100vw, 228px\" \/>\t\t\t\t\t\t\t\t\t\t\t\t\t\t\t<\/p>\n<h5 style=\"background-color: #f6f6f6; line-height: 1.57143em; text-align: center;\">AKIN KOP\u00c7A<\/h5>\n<h5 style=\"text-align: center;\"><strong>Y\u00d6NET\u0130M KURULU<\/strong><br \/><strong>BA\u015eKAN YARD.<\/strong><\/h5>\n<p>\t\t\t\t\t\t\t\t\t\t\t\t\t\t\t<img decoding=\"async\" src=\"http:\/\/rosemarinesitesi.net\/wp-content\/uploads\/elementor\/thumbs\/img085-q1ydkq9bcskf4ydq2i8axh0673qwy951pmza7o2i4k.jpg\" title=\"img085\" alt=\"img085\" \/>\t\t\t\t\t\t\t\t\t\t\t\t\t\t\t<\/p>\n<h5 style=\"text-align: center;\">TURAN KA\u015eIK\u00c7I<\/h5>\n<h5 style=\"text-align: center;\"><strong>Y\u00d6NET\u0130M KURULU<\/strong><br \/><strong>\u00dcYES\u0130<\/strong><\/h5>\n<h2 style=\"text-align: center;\">BLOK TEMS\u0130LC\u0130LER\u0130<\/h2>\n<h2 style=\"text-align: center;\">A BLOK<\/h2>\n<p>\t\t\t\t\t\t\t\t\t\t\t\t\t\t\t<img decoding=\"async\" src=\"http:\/\/rosemarinesitesi.net\/wp-content\/uploads\/elementor\/thumbs\/A1-TURAN-ERGUN-pit0gygadivnnwih6i6fddeeko06pnnoiyqh5f3hks.jpg\" title=\"A1 TURAN ERG\u00dcN\" alt=\"A1 TURAN ERG\u00dcN\" \/>\t\t\t\t\t\t\t\t\t\t\t\t\t\t\t<\/p>\n<h5 style=\"text-align: center;\">A1<\/h5>\n<h5 style=\"text-align: center;\">TURAN ERG\u00dcN<\/h5>\n<p>\t\t\t\t\t\t\t\t\t\t\t\t\t\t\t<img decoding=\"async\" src=\"http:\/\/rosemarinesitesi.net\/wp-content\/uploads\/elementor\/thumbs\/A2-BLOK-TEMSILCISI-HASAN-YAHSI-pit0k0fel527ea2qcbprz3nc2qy4q8s9y32aaskfcs.jpg\" title=\"A2 BLOK TEMS\u0130LC\u0130S\u0130 HASAN YAH\u015e\u0130\" alt=\"A2 BLOK TEMS\u0130LC\u0130S\u0130 HASAN YAH\u015e\u0130\" \/>\t\t\t\t\t\t\t\t\t\t\t\t\t\t\t<\/p>\n<h5 style=\"text-align: center;\"><strong>A2<\/strong><\/h5>\n<h5 style=\"text-align: center;\"><strong>HASAN YAH\u015e\u0130<\/strong><\/h5>\n<p>\t\t\t\t\t\t\t\t\t\t\t\t\t\t\t<img decoding=\"async\" src=\"http:\/\/rosemarinesitesi.net\/wp-content\/uploads\/elementor\/thumbs\/A3-BLOK-TEMSILCISI-MUSTAFA-ESKIBINA-pit0p1u985yjn0r7x04rubvaq43yztsgz0yzx73fzw.jpg\" title=\"A3 BLOK TEMS\u0130LC\u0130S\u0130 MUSTAFA ESK\u0130B\u0130NA\" alt=\"A3 BLOK TEMS\u0130LC\u0130S\u0130 MUSTAFA ESK\u0130B\u0130NA\" \/>\t\t\t\t\t\t\t\t\t\t\t\t\t\t\t<\/p>\n<h5 style=\"text-align: center;\"><strong>A3<\/strong><\/h5>\n<h5 style=\"text-align: center;\"><strong>MUSTAFA ESK\u0130B\u0130NA<\/strong><\/h5>\n<p>\t\t\t\t\t\t\t\t\t\t\t\t\t\t\t<img decoding=\"async\" src=\"http:\/\/rosemarinesitesi.net\/wp-content\/uploads\/elementor\/thumbs\/img209-q1yddjroe5w1aoophs87xbqffkrsb6u8gxoj879scc.jpg\" title=\"img209\" alt=\"img209\" \/>\t\t\t\t\t\t\t\t\t\t\t\t\t\t\t<\/p>\n<h5 style=\"text-align: center;\"><strong>A4<\/strong><\/h5>\n<h5 style=\"text-align: center;\"><strong>ERTAT \u00c7OK\u0130MRE<\/strong><\/h5>\n<p>\t\t\t\t\t\t\t\t\t\t\t\t\t\t\t<img decoding=\"async\" src=\"http:\/\/rosemarinesitesi.net\/wp-content\/uploads\/elementor\/thumbs\/A5-NEJDET-USKUAY-pit0s9geksctb23a5w3vv0ozsia4aljgex7py8c0qk.jpg\" title=\"A5 NEJDET USKUAY\" alt=\"A5 NEJDET USKUAY\" \/>\t\t\t\t\t\t\t\t\t\t\t\t\t\t\t<\/p>\n<h5 style=\"text-align: center;\"><strong>A5<\/strong><\/h5>\n<h5 style=\"text-align: center;\"><strong>NEJDET USKUAY<\/strong><\/h5>\n<p>\t\t\t\t\t\t\t\t\t\t\t\t\t\t\t<img decoding=\"async\" src=\"http:\/\/rosemarinesitesi.net\/wp-content\/uploads\/elementor\/thumbs\/img299-q1ydn01946tu1iygavb5zxvah26npmd2fpuayd99rw.jpg\" title=\"img299\" alt=\"img299\" \/>\t\t\t\t\t\t\t\t\t\t\t\t\t\t\t<\/p>\n<h5 style=\"text-align: center;\">A6<\/h5>\n<h5 style=\"text-align: center;\">SIRRICAN BODUR<\/h5>\n<p>\t\t\t\t\t\t\t\t\t\t\t\t\t\t\t<img decoding=\"async\" src=\"http:\/\/rosemarinesitesi.net\/wp-content\/uploads\/elementor\/thumbs\/img837-q1ydo1mspk9axxfu7bk8rodq8h1c9iibwvxq5fpiv0.jpg\" title=\"img837\" alt=\"img837\" \/>\t\t\t\t\t\t\t\t\t\t\t\t\t\t\t<\/p>\n<h5 style=\"text-align: center;\"><strong>A7<\/strong><\/h5>\n<h5 style=\"text-align: center;\"><strong>MEMET KAYA<\/strong><\/h5>\n<p>\t\t\t\t\t\t\t\t\t\t\t\t\t\t\t<img decoding=\"async\" src=\"http:\/\/rosemarinesitesi.net\/wp-content\/uploads\/elementor\/thumbs\/img409-q1ydp9t7mrxs3lno1cnpiv8e5kzlbadpqyljpfw0qk.jpg\" title=\"img409\" alt=\"img409\" \/>\t\t\t\t\t\t\t\t\t\t\t\t\t\t\t<\/p>\n<h5 style=\"text-align: center;\"><strong>A8<\/strong><\/h5>\n<h5 style=\"text-align: center;\"><strong>MUZAFFER \u00c7INAR<\/strong><\/h5>\n<h5 style=\"text-align: center;\"><strong>\u00a0<\/strong><\/h5>\n<h5 style=\"text-align: center;\"><strong>\u00a0<\/strong><\/h5>\n<h5 style=\"text-align: center;\"><strong>\u00a0<\/strong><\/h5>\n<h5 style=\"text-align: center;\"><strong>\u00a0<\/strong><\/h5>\n<h5 style=\"text-align: center;\"><strong>\u00a0<\/strong><\/h5>\n<h5 style=\"text-align: center;\"><strong>\u00a0<\/strong><\/h5>\n<h5 style=\"text-align: center;\"><strong style=\"color: #666699;\">A9<\/strong><\/h5>\n<h5 style=\"text-align: center;\"><strong>BUR\u00c7\u0130N BUDALO\u011eLU<\/strong><\/h5>\n<p>\t\t\t\t\t\t\t\t\t\t\t\t\t\t\t<img decoding=\"async\" src=\"http:\/\/rosemarinesitesi.net\/wp-content\/uploads\/elementor\/thumbs\/A10-SEREF-ERTEKIN-pit10ds7m9gzlsanqwguwgxcjc99sgrz743q7aakzg.jpg\" title=\"A10 \u015eEREF ERTEK\u0130N\" alt=\"A10 \u015eEREF ERTEK\u0130N\" \/>\t\t\t\t\t\t\t\t\t\t\t\t\t\t\t<\/p>\n<h5 style=\"text-align: center;\"><strong>A10<\/strong><\/h5>\n<h5 style=\"text-align: center;\"><strong>\u015eEREF ERTEK\u0130N<\/strong><\/h5>\n<h2 style=\"text-align: center;\">B BLOK<\/h2>\n<p>\t\t\t\t\t\t\t\t\t\t\t\t\t\t\t<img decoding=\"async\" src=\"http:\/\/rosemarinesitesi.net\/wp-content\/uploads\/elementor\/thumbs\/img530-q1ydtms9c3wnyhbnkqiel9mdcxhw0qow0jjmunf9vg.jpg\" title=\"img530\" alt=\"img530\" \/>\t\t\t\t\t\t\t\t\t\t\t\t\t\t\t<\/p>\n<h5 style=\"text-align: center;\">B1<\/h5>\n<h5 style=\"text-align: center;\">MEHMET ERD\u0130N\u00c7 \u015eAH\u0130N<\/h5>\n<p>\t\t\t\t\t\t\t\t\t\t\t\t\t\t\t<img decoding=\"async\" src=\"http:\/\/rosemarinesitesi.net\/wp-content\/uploads\/elementor\/thumbs\/img565-q1yduxs6ttp02zfdyatr1xrf2728plvgv05wuhhl8c.jpg\" title=\"img565\" alt=\"img565\" \/>\t\t\t\t\t\t\t\t\t\t\t\t\t\t\t<\/p>\n<h5 style=\"text-align: center;\"><strong>B2<\/strong><\/h5>\n<h5 style=\"text-align: center;\"><strong>KAAN ADAR<\/strong><\/h5>\n<h2 style=\"text-align: center;\">C BLOK<\/h2>\n<p>\t\t\t\t\t\t\t\t\t\t\t\t\t\t\t<img decoding=\"async\" src=\"http:\/\/rosemarinesitesi.net\/wp-content\/uploads\/elementor\/thumbs\/C1-SADIK-AY-pit1a85d6sy36rzx9nn7ihi4hlqnecus7u1s4lp5to.jpg\" title=\"C1 SADIK AY\" alt=\"C1 SADIK AY\" \/>\t\t\t\t\t\t\t\t\t\t\t\t\t\t\t<\/p>\n<h5 style=\"text-align: center;\">C1<\/h5>\n<h5 style=\"text-align: center;\">SADIK AY<\/h5>\n<p>\t\t\t\t\t\t\t\t\t\t\t\t\t\t\t<img decoding=\"async\" src=\"http:\/\/rosemarinesitesi.net\/wp-content\/uploads\/elementor\/thumbs\/img652-q1ydwlxuz7zcq10070tvhikx2utqe8iaf9wzk70e64.jpg\" title=\"img652\" alt=\"img652\" \/>\t\t\t\t\t\t\t\t\t\t\t\t\t\t\t<\/p>\n<h5 style=\"text-align: center;\"><strong>C2<\/strong><\/h5>\n<h5 style=\"text-align: center;\"><strong>\u015eEVK\u0130 F\u0130L\u0130Z<\/strong><\/h5>\n<p>\t\t\t\t\t\t\t\t\t\t\t\t\t\t\t<img decoding=\"async\" src=\"http:\/\/rosemarinesitesi.net\/wp-content\/uploads\/elementor\/thumbs\/img678-q1ydyo73z4t078055exeghuc0anqabp31hgch1yaik.jpg\" title=\"img678\" alt=\"img678\" \/>\t\t\t\t\t\t\t\t\t\t\t\t\t\t\t<\/p>\n<h5 style=\"text-align: center;\"><strong>C3<\/strong><\/h5>\n<h5 style=\"text-align: center;\"><strong>NURSEL ERKMAN<\/strong><\/h5>\n<p>\t\t\t\t\t\t\t\t\t\t\t\t\t\t\t<img decoding=\"async\" src=\"http:\/\/rosemarinesitesi.net\/wp-content\/uploads\/elementor\/thumbs\/img227-q1ydzroby6b1quesqvzqd7voyh959m1t6wuqmobr98.jpg\" title=\"img227\" alt=\"img227\" \/>\t\t\t\t\t\t\t\t\t\t\t\t\t\t\t<\/p>\n<h5 style=\"text-align: center;\"><strong>C4<\/strong><\/h5>\n<h5 style=\"text-align: center;\"><strong>\u015eEF\u0130K \u015eEN<\/strong><\/h5>\n<p>\t\t\t\t\t\t\t\t\t\t\t\t\t\t\t<img decoding=\"async\" src=\"http:\/\/rosemarinesitesi.net\/wp-content\/uploads\/elementor\/thumbs\/C5NEVZAT-ATAL-pit1drzf09t31qu8j6wgxl8ta08kh6ya1erte8fmbg.jpg\" title=\"C5NEVZAT ATAL\" alt=\"C5NEVZAT ATAL\" \/>\t\t\t\t\t\t\t\t\t\t\t\t\t\t\t<\/p>\n<h5 style=\"text-align: center;\">C5<\/h5>\n<h5 style=\"text-align: center;\">NEVZAT ATAL<\/h5>\n<p>\t\t\t\t\t\t\t\t\t\t\t\t\t\t\t<img decoding=\"async\" src=\"http:\/\/rosemarinesitesi.net\/wp-content\/uploads\/elementor\/thumbs\/img070-q1ye0xz2hpwy9apcvw9xzf7fotgnvzpqcq7l84l1h8.jpg\" title=\"img070\" alt=\"img070\" \/>\t\t\t\t\t\t\t\t\t\t\t\t\t\t\t<\/p>\n<h5 style=\"text-align: center;\"><strong>C6<\/strong><\/h5>\n<h5 style=\"text-align: center;\"><strong>MET\u0130N G\u00d6KSU<\/strong><\/h5>\n<p>\t\t\t\t\t\t\t\t\t\t\t\t\t\t\t<img decoding=\"async\" src=\"http:\/\/rosemarinesitesi.net\/wp-content\/uploads\/elementor\/thumbs\/IMG_20210407_162658-scaled-q1ye2splyygb5m0f274gegd5v6bq2i2o9wj2aru37g.jpg\" title=\"IMG_20210407_162658\" alt=\"IMG_20210407_162658\" \/>\t\t\t\t\t\t\t\t\t\t\t\t\t\t\t<\/p>\n<h5 style=\"text-align: center;\"><strong>C7<\/strong><\/h5>\n<h5 style=\"text-align: center;\"><strong>TELAT I\u015eIK<\/strong><\/h5>\n<p>\t\t\t\t\t\t\t\t\t\t\t\t\t\t\t<img decoding=\"async\" src=\"http:\/\/rosemarinesitesi.net\/wp-content\/uploads\/2023\/02\/ERSAHAN.jpg\" title=\"ERSAHAN\" alt=\"ERSAHAN\" \/>\t\t\t\t\t\t\t\t\t\t\t\t\t\t\t<\/p>\n<h5 style=\"text-align: center;\"><strong>C8<\/strong><\/h5>\n<h5 style=\"text-align: center;\"><strong>\u00c7\u0130\u011eDEM ER\u015eAHAN<\/strong><\/h5>\n","protected":false},"excerpt":{"rendered":"<p>Y\u00d6NET\u0130M KURULU ERTAT \u00c7OK\u0130MRE Y\u00d6NET\u0130M KURULUBA\u015eKANI AKIN KOP\u00c7A Y\u00d6NET\u0130M KURULUBA\u015eKAN YARD. TURAN KA\u015eIK\u00c7I Y\u00d6NET\u0130M KURULU\u00dcYES\u0130 BLOK TEMS\u0130LC\u0130LER\u0130 A BLOK A1 TURAN ERG\u00dcN A2 HASAN YAH\u015e\u0130 A3 MUSTAFA ESK\u0130B\u0130NA A4 ERTAT \u00c7OK\u0130MRE A5 NEJDET USKUAY A6 SIRRICAN BODUR A7 MEMET KAYA A8 MUZAFFER \u00c7INAR \u00a0 \u00a0&#8230;<\/p>\n","protected":false},"author":1,"featured_media":0,"parent":0,"menu_order":0,"comment_status":"open","ping_status":"closed","template":"full_width.php","meta":{"footnotes":""},"class_list":["post-13396","page","type-page","status-publish","hentry"],"_links":{"self":[{"href":"http:\/\/rosemarinesitesi.net\/index.php\/wp-json\/wp\/v2\/pages\/13396","targetHints":{"allow":["GET"]}}],"collection":[{"href":"http:\/\/rosemarinesitesi.net\/index.php\/wp-json\/wp\/v2\/pages"}],"about":[{"href":"http:\/\/rosemarinesitesi.net\/index.php\/wp-json\/wp\/v2\/types\/page"}],"author":[{"embeddable":true,"href":"http:\/\/rosemarinesitesi.net\/index.php\/wp-json\/wp\/v2\/users\/1"}],"replies":[{"embeddable":true,"href":"http:\/\/rosemarinesitesi.net\/index.php\/wp-json\/wp\/v2\/comments?post=13396"}],"version-history":[{"count":101,"href":"http:\/\/rosemarinesitesi.net\/index.php\/wp-json\/wp\/v2\/pages\/13396\/revisions"}],"predecessor-version":[{"id":19594,"href":"http:\/\/rosemarinesitesi.net\/index.php\/wp-json\/wp\/v2\/pages\/13396\/revisions\/19594"}],"wp:attachment":[{"href":"http:\/\/rosemarinesitesi.net\/index.php\/wp-json\/wp\/v2\/media?parent=13396"}],"curies":[{"name":"wp","href":"https:\/\/api.w.org\/{rel}","templated":true}]}}