{"id":14468,"date":"2014-03-28T10:11:36","date_gmt":"2014-03-28T10:11:36","guid":{"rendered":"https:\/\/bridge300.qodeinteractive.com\/?page_id=14468"},"modified":"2022-01-15T11:11:44","modified_gmt":"2022-01-15T08:11:44","slug":"home","status":"publish","type":"page","link":"http:\/\/rosemarinesitesi.net\/","title":{"rendered":"Anasayfa"},"content":{"rendered":"<h2 style=\"text-align: center;\">Denizin mavisiyle G\u00fcne\u015fin bat\u0131\u015f\u0131n\u0131n birle\u015fti\u011fi yer&#8230;<\/h2>\n<h4 style=\"text-align: center;\">Rose Marine\u2019de deniz tutkunuz d\u00fc\u015fleriniz ile birle\u015fiyor.&nbsp; Rose Marine\u2019nin size \u00f6zel iskelesinde g\u00fcne\u015fin tad\u0131n\u0131, hobilerinizin keyfini \u00e7\u0131kar\u0131n. Denizin g\u00f6ky\u00fcz\u00fc ile birle\u015fti\u011fi noktada \u00f6zg\u00fcrl\u00fc\u011f\u00fcn tad\u0131na var\u0131n\u2026<\/h4>\n<h2 style=\"text-align: center;\">Duyuru panosu<\/h2>\n<p>[psac_post_carousel design=&#8221;design-2&#8243; show_author=&#8221;false&#8221; show_tags=&#8221;false&#8221; show_comments=&#8221;false&#8221; show_category=&#8221;false&#8221; content_words_limit=&#8221;22&#8243; show_read_more=&#8221;true&#8221; media_size=&#8221;thumbnail&#8221; slide_show=&#8221;4&#8243; category=&#8221;116&#8243;]<\/p>\n<h3 style=\"text-align: center;\">KONFORUNUZ VE D\u00dc\u015eLED\u0130\u011e\u0130N\u0130Z YA\u015eAM \u0130\u00c7\u0130N T\u00dcM DETAYLAR S\u0130TEM\u0130ZDE<\/h3>\n<ul>\n<li style=\"text-align: center;\">A\u00e7\u0131k ve Kapal\u0131 Havuzlar<\/li>\n<li style=\"text-align: center;\">T\u00fcrk Hamam\u0131<\/li>\n<li style=\"text-align: center;\">Sauna<\/li>\n<li style=\"text-align: center;\">Spor Salonu<\/li>\n<li style=\"text-align: center;\">Vitamin Bar<\/li>\n<li style=\"text-align: center;\">Cafe ve Restoranlar<\/li>\n<li style=\"text-align: center;\">Basketbol Sahas\u0131<\/li>\n<li style=\"text-align: center;\">Tenis Kortu<\/li>\n<\/ul>\n<ul>\n<li style=\"text-align: center;\">\u0130skele<\/li>\n<li style=\"text-align: center;\">\u00c7ocuk Oyun Alanlar\u0131<\/li>\n<li style=\"text-align: center;\">Piknik Alanlar\u0131<\/li>\n<li style=\"text-align: center;\">Y\u00fcr\u00fcy\u00fc\u015f ve Ko\u015fu Parkurlar\u0131<\/li>\n<li style=\"text-align: center;\">29.000 m<sup>2<\/sup>\u00a0Ye\u015fil Alan<\/li>\n<li style=\"text-align: center;\">24 Saat G\u00fcvenlik<\/li>\n<li style=\"text-align: center;\">A\u00e7\u0131k ve Kapal\u0131 Otopark<\/li>\n<\/ul>\n<p>\t\t\t\t\t\t\t\t\t\t\t\t\t\t\t<img decoding=\"async\" width=\"512\" height=\"342\" src=\"http:\/\/rosemarinesitesi.net\/wp-content\/uploads\/2021\/10\/Untitled-4.png\" alt=\"\" loading=\"lazy\" srcset=\"http:\/\/rosemarinesitesi.net\/wp-content\/uploads\/2021\/10\/Untitled-4.png 512w, http:\/\/rosemarinesitesi.net\/wp-content\/uploads\/2021\/10\/Untitled-4-300x200.png 300w\" sizes=\"auto, (max-width: 512px) 100vw, 512px\" \/>\t\t\t\t\t\t\t\t\t\t\t\t\t\t\t<\/p>\n<h2 style=\"text-align: left;\">S\u0130TEM\u0130ZDE AYRICALIKLI YA\u015eAM..<\/h2>\n<p>Rose Marine, denizi, kumsal\u0131, sosyal ve sportif olanaklar\u0131yla huzuru ve enerjiyi yakalayaca\u011f\u0131n\u0131z bir sa\u011fl\u0131k merkezi gibi. 200 metre \u00f6zel plaj\u0131, a\u00e7\u0131k ve kapal\u0131 y\u00fczme havuzlar\u0131, kafeteryalar\u0131, seyir teraslar\u0131; a\u00e7\u0131k havuzda jakuzi keyfini ya\u015fayabilece\u011finiz hidromasaj havuzu; rekabeti seven Rose Marine sakinleri i\u00e7in d\u00fc\u015f\u00fcn\u00fclen tenis ve squash kortlar\u0131; futbol sahas\u0131; form tutmak isteyenler i\u00e7in fitness center ve vitamin bar; rahatlamak isteyenler i\u00e7in T\u00fcrk hamam\u0131 ve sauna; su sporlar\u0131 tutkunlar\u0131na Marine Club&#8217;da jetski, lazer r\u00fczgar s\u00f6rf\u00fc; k\u0131saca sa\u011fl\u0131kl\u0131 ve zinde bir ya\u015fam i\u00e7in gereken her \u015fey Rose Marine&#8217;de&#8230;<\/p>\n","protected":false},"excerpt":{"rendered":"<p>Denizin mavisiyle G\u00fcne\u015fin bat\u0131\u015f\u0131n\u0131n birle\u015fti\u011fi yer&#8230; Rose Marine\u2019de deniz tutkunuz d\u00fc\u015fleriniz ile birle\u015fiyor.&nbsp; Rose Marine\u2019nin size \u00f6zel iskelesinde g\u00fcne\u015fin tad\u0131n\u0131, hobilerinizin keyfini \u00e7\u0131kar\u0131n. Denizin g\u00f6ky\u00fcz\u00fc ile birle\u015fti\u011fi noktada \u00f6zg\u00fcrl\u00fc\u011f\u00fcn tad\u0131na var\u0131n\u2026 Duyuru panosu [psac_post_carousel design=&#8221;design-2&#8243; show_author=&#8221;false&#8221; show_tags=&#8221;false&#8221; show_comments=&#8221;false&#8221; show_category=&#8221;false&#8221; content_words_limit=&#8221;22&#8243; show_read_more=&#8221;true&#8221; media_size=&#8221;thumbnail&#8221; slide_show=&#8221;4&#8243; category=&#8221;116&#8243;] KONFORUNUZ&#8230;<\/p>\n","protected":false},"author":1,"featured_media":0,"parent":0,"menu_order":0,"comment_status":"open","ping_status":"open","template":"full_width.php","meta":{"footnotes":""},"class_list":["post-14468","page","type-page","status-publish","hentry"],"_links":{"self":[{"href":"http:\/\/rosemarinesitesi.net\/index.php\/wp-json\/wp\/v2\/pages\/14468","targetHints":{"allow":["GET"]}}],"collection":[{"href":"http:\/\/rosemarinesitesi.net\/index.php\/wp-json\/wp\/v2\/pages"}],"about":[{"href":"http:\/\/rosemarinesitesi.net\/index.php\/wp-json\/wp\/v2\/types\/page"}],"author":[{"embeddable":true,"href":"http:\/\/rosemarinesitesi.net\/index.php\/wp-json\/wp\/v2\/users\/1"}],"replies":[{"embeddable":true,"href":"http:\/\/rosemarinesitesi.net\/index.php\/wp-json\/wp\/v2\/comments?post=14468"}],"version-history":[{"count":230,"href":"http:\/\/rosemarinesitesi.net\/index.php\/wp-json\/wp\/v2\/pages\/14468\/revisions"}],"predecessor-version":[{"id":19537,"href":"http:\/\/rosemarinesitesi.net\/index.php\/wp-json\/wp\/v2\/pages\/14468\/revisions\/19537"}],"wp:attachment":[{"href":"http:\/\/rosemarinesitesi.net\/index.php\/wp-json\/wp\/v2\/media?parent=14468"}],"curies":[{"name":"wp","href":"https:\/\/api.w.org\/{rel}","templated":true}]}}