{"id":1452,"date":"2013-10-16T12:05:38","date_gmt":"2013-10-16T09:05:38","guid":{"rendered":"https:\/\/bridge300.qodeinteractive.com\/?page_id=1452"},"modified":"2022-01-14T12:08:49","modified_gmt":"2022-01-14T09:08:49","slug":"iletisim","status":"publish","type":"page","link":"http:\/\/rosemarinesitesi.net\/index.php\/iletisim\/","title":{"rendered":"\u0130leti\u015fim"},"content":{"rendered":"<p><iframe src=\"https:\/\/www.google.com\/maps\/embed?pb=!1m14!1m8!1m3!1d68133.83813202142!2d28.492158900080604!3d41.000775391051874!3m2!1i1024!2i768!4f13.1!3m3!1m2!1s0x0%3A0xb649bce91aa0e331!2sRose%20Marine%20Sitesi!5e0!3m2!1str!2str!4v1640551730365!5m2!1str!2str\" width=\"600\" height=\"450\" style=\"border:0;\" allowfullscreen=\"\" loading=\"lazy\"><\/iframe><\/p>\n<h3>ADRES<\/h3>\n<p>Sinanoba Mahallesi<\/p>\n<p>\u0130brahimzade Cad. No:42<\/p>\n<p>Posta Kodu 34535<\/p>\n<p>B\u00fcy\u00fck\u00e7ekmece\/\u0130stanbul<\/p>\n<h3>\u0130leti\u015fim formu<\/h3>\n<p role=\"status\" aria-live=\"polite\" aria-atomic=\"true\">\n<ul><\/ul>\n<form action=\"\/wp-admin\/admin-ajax.php#wpcf7-f19191-o1\" method=\"post\" novalidate=\"novalidate\" data-status=\"init\">\n<input type=\"hidden\" name=\"_wpcf7\" value=\"19191\" \/><br \/>\n<input type=\"hidden\" name=\"_wpcf7_version\" value=\"5.5.3\" \/><br \/>\n<input type=\"hidden\" name=\"_wpcf7_locale\" value=\"tr_TR\" \/><br \/>\n<input type=\"hidden\" name=\"_wpcf7_unit_tag\" value=\"wpcf7-f19191-o1\" \/><br \/>\n<input type=\"hidden\" name=\"_wpcf7_container_post\" value=\"0\" \/><br \/>\n<input type=\"hidden\" name=\"_wpcf7_posted_data_hash\" value=\"\" \/><br \/>\n<label> Ad\u0131n\u0131z<br \/>\n    <input type=\"text\" name=\"your-name\" value=\"\" size=\"40\" aria-required=\"true\" aria-invalid=\"false\" \/> <\/label><br \/>\n<label> E-posta adresiniz<br \/>\n    <input type=\"email\" name=\"your-email\" value=\"\" size=\"40\" aria-required=\"true\" aria-invalid=\"false\" \/> <\/label><br \/>\n<label> Konu<br \/>\n    <input type=\"text\" name=\"your-subject\" value=\"\" size=\"40\" aria-required=\"true\" aria-invalid=\"false\" \/> <\/label><br \/>\n<label> \u0130letiniz (tercihe ba\u011fl\u0131)<br \/>\n    <textarea name=\"your-message\" cols=\"40\" rows=\"10\" aria-invalid=\"false\"><\/textarea> <\/label><br \/>\n<input type=\"submit\" value=\"G\u00f6nder\" \/><\/form>\n","protected":false},"excerpt":{"rendered":"<p>ADRES Sinanoba Mahallesi \u0130brahimzade Cad. No:42 Posta Kodu 34535 B\u00fcy\u00fck\u00e7ekmece\/\u0130stanbul \u0130leti\u015fim formu Ad\u0131n\u0131z E-posta adresiniz Konu \u0130letiniz (tercihe ba\u011fl\u0131)<\/p>\n","protected":false},"author":1,"featured_media":0,"parent":0,"menu_order":0,"comment_status":"open","ping_status":"closed","template":"","meta":{"footnotes":""},"class_list":["post-1452","page","type-page","status-publish","hentry"],"_links":{"self":[{"href":"http:\/\/rosemarinesitesi.net\/index.php\/wp-json\/wp\/v2\/pages\/1452","targetHints":{"allow":["GET"]}}],"collection":[{"href":"http:\/\/rosemarinesitesi.net\/index.php\/wp-json\/wp\/v2\/pages"}],"about":[{"href":"http:\/\/rosemarinesitesi.net\/index.php\/wp-json\/wp\/v2\/types\/page"}],"author":[{"embeddable":true,"href":"http:\/\/rosemarinesitesi.net\/index.php\/wp-json\/wp\/v2\/users\/1"}],"replies":[{"embeddable":true,"href":"http:\/\/rosemarinesitesi.net\/index.php\/wp-json\/wp\/v2\/comments?post=1452"}],"version-history":[{"count":15,"href":"http:\/\/rosemarinesitesi.net\/index.php\/wp-json\/wp\/v2\/pages\/1452\/revisions"}],"predecessor-version":[{"id":19475,"href":"http:\/\/rosemarinesitesi.net\/index.php\/wp-json\/wp\/v2\/pages\/1452\/revisions\/19475"}],"wp:attachment":[{"href":"http:\/\/rosemarinesitesi.net\/index.php\/wp-json\/wp\/v2\/media?parent=1452"}],"curies":[{"name":"wp","href":"https:\/\/api.w.org\/{rel}","templated":true}]}}