{"id":19023,"date":"2021-12-22T14:51:16","date_gmt":"2021-12-22T11:51:16","guid":{"rendered":"http:\/\/rosemarinesitesi.net\/?page_id=19023"},"modified":"2021-12-24T21:04:52","modified_gmt":"2021-12-24T18:04:52","slug":"yasam-kurallari","status":"publish","type":"page","link":"http:\/\/rosemarinesitesi.net\/index.php\/yasam-kurallari\/","title":{"rendered":"Ya\u015fam Kurallar\u0131"},"content":{"rendered":"<ul>\n<li>\n\t\t\t\t\t\t\t\t\t\tDaire kap\u0131lar\u0131n\u0131n \u00f6n\u00fcnde ayakkab\u0131, terlik, bisiklet gibi e\u015fyalar\u0131n b\u0131rak\u0131lmamas\u0131.\n\t\t\t\t\t\t\t\t\t<\/li>\n<li>\n\t\t\t\t\t\t\t\t\t\tY\u00fcksek sesle m\u00fczik, televizyon dinlenmesi ve  kom\u015fular\u0131 rahats\u0131z edecek \u015fekilde g\u00fcr\u00fclt\u00fc edilmemesi.\n\t\t\t\t\t\t\t\t\t<\/li>\n<li>\n\t\t\t\t\t\t\t\t\t\tBalkon ve pencerelerden sigara \u00e7\u00f6p at\u0131lmamas\u0131, su d\u00f6k\u00fclmemesi hal\u0131-kilim vesaire \u015feylerin silkelenmesi.\n\t\t\t\t\t\t\t\t\t<\/li>\n<li>\n\t\t\t\t\t\t\t\t\t\t\u00c7at\u0131, balkon ve pencerelere binan\u0131n genel g\u00f6r\u00fcnt\u00fcs\u00fcn\u00fc bozacak ver risk yaratacak \u00e7anak anten, klima \u00fcnitesi ve saks\u0131 gibi malzemelerin konulmamas\u0131.\n\t\t\t\t\t\t\t\t\t<\/li>\n<li>\n\t\t\t\t\t\t\t\t\t\tBlok \u00e7evresine, asans\u00f6re, merdiven sahanl\u0131klar\u0131na ve di\u011fer ortak alanlara sigara ve \u00e7\u00f6p at\u0131lmamas\u0131.\n\t\t\t\t\t\t\t\t\t<\/li>\n<li>\n\t\t\t\t\t\t\t\t\t\tSite \u00e7al\u0131\u015fanlar\u0131na ve g\u00fcvenlik g\u00f6revlilerine g\u00f6revlerini ifa ederken yard\u0131mc\u0131 olunmas\u0131.\n\t\t\t\t\t\t\t\t\t<\/li>\n<li>\n\t\t\t\t\t\t\t\t\t\tKoridorlara 1.  kata ve garajlara \u00f6zel e\u015fya b\u0131rak\u0131lmamas\u0131.\n\t\t\t\t\t\t\t\t\t<\/li>\n<li>\n\t\t\t\t\t\t\t\t\t\tDairelerde yap\u0131lacak onar\u0131mlar\u0131n hafta i\u00e7i 10:00 ile 18:00 aras\u0131nda, hafta sonu sadece cumartesi 12:00 ile 18:00 saatleri aras\u0131nda yap\u0131lmas\u0131.\n\t\t\t\t\t\t\t\t\t<\/li>\n<li>\n\t\t\t\t\t\t\t\t\t\tEvcil hayvanlar\u0131n, kedi ve k\u00f6peklerin tasmas\u0131z ortak alanlar i\u00e7erisinde dola\u015ft\u0131r\u0131lmamas\u0131 ve ihtiya\u00e7lar\u0131n\u0131n giderilmemesi.\n\t\t\t\t\t\t\t\t\t<\/li>\n<li>\n\t\t\t\t\t\t\t\t\t\tPencere, balkon ve d\u0131\u015f cephelerin orijinal rengi haricinde boyanmamas\u0131, binan\u0131n d\u0131\u015f y\u00fczeyine \u00e7ama\u015f\u0131rl\u0131k ve anten gibi aparatlar\u0131n\u0131n monte edilmemesi.\n\t\t\t\t\t\t\t\t\t<\/li>\n<li>\n\t\t\t\t\t\t\t\t\t\tTa\u015f\u0131nma g\u00fcn ve saatleri i\u00e7in site y\u00f6netiminden randevu al\u0131nmas\u0131\n\t\t\t\t\t\t\t\t\t<\/li>\n<\/ul>\n<p>\u00d6NEMLE R\u0130CA OLUNUR<\/p>\n","protected":false},"excerpt":{"rendered":"<p>Daire kap\u0131lar\u0131n\u0131n \u00f6n\u00fcnde ayakkab\u0131, terlik, bisiklet gibi e\u015fyalar\u0131n b\u0131rak\u0131lmamas\u0131. Y\u00fcksek sesle m\u00fczik, televizyon dinlenmesi ve kom\u015fular\u0131 rahats\u0131z edecek \u015fekilde g\u00fcr\u00fclt\u00fc edilmemesi. Balkon ve pencerelerden sigara \u00e7\u00f6p at\u0131lmamas\u0131, su d\u00f6k\u00fclmemesi hal\u0131-kilim vesaire \u015feylerin silkelenmesi. \u00c7at\u0131, balkon ve pencerelere binan\u0131n genel g\u00f6r\u00fcnt\u00fcs\u00fcn\u00fc bozacak ver risk yaratacak \u00e7anak&#8230;<\/p>\n","protected":false},"author":1,"featured_media":0,"parent":0,"menu_order":0,"comment_status":"closed","ping_status":"closed","template":"","meta":{"footnotes":""},"class_list":["post-19023","page","type-page","status-publish","hentry"],"_links":{"self":[{"href":"http:\/\/rosemarinesitesi.net\/index.php\/wp-json\/wp\/v2\/pages\/19023","targetHints":{"allow":["GET"]}}],"collection":[{"href":"http:\/\/rosemarinesitesi.net\/index.php\/wp-json\/wp\/v2\/pages"}],"about":[{"href":"http:\/\/rosemarinesitesi.net\/index.php\/wp-json\/wp\/v2\/types\/page"}],"author":[{"embeddable":true,"href":"http:\/\/rosemarinesitesi.net\/index.php\/wp-json\/wp\/v2\/users\/1"}],"replies":[{"embeddable":true,"href":"http:\/\/rosemarinesitesi.net\/index.php\/wp-json\/wp\/v2\/comments?post=19023"}],"version-history":[{"count":11,"href":"http:\/\/rosemarinesitesi.net\/index.php\/wp-json\/wp\/v2\/pages\/19023\/revisions"}],"predecessor-version":[{"id":19086,"href":"http:\/\/rosemarinesitesi.net\/index.php\/wp-json\/wp\/v2\/pages\/19023\/revisions\/19086"}],"wp:attachment":[{"href":"http:\/\/rosemarinesitesi.net\/index.php\/wp-json\/wp\/v2\/media?parent=19023"}],"curies":[{"name":"wp","href":"https:\/\/api.w.org\/{rel}","templated":true}]}}