{"id":19029,"date":"2021-12-22T14:53:18","date_gmt":"2021-12-22T11:53:18","guid":{"rendered":"http:\/\/rosemarinesitesi.net\/?page_id=19029"},"modified":"2022-01-14T11:51:00","modified_gmt":"2022-01-14T08:51:00","slug":"hizmetlerimiz","status":"publish","type":"page","link":"http:\/\/rosemarinesitesi.net\/index.php\/hizmetlerimiz\/","title":{"rendered":"Hizmetlerimiz"},"content":{"rendered":"<h2 style=\"text-align: center;\">G\u00fcvenlik<\/h2>\n<p style=\"text-align: center;\">Sitemizin g\u00fcvenli\u011fi Avrupa&#8217;n\u0131n \u00f6nde gelen g\u00fcvenlik firmalar\u0131ndan\u00a0 TAV G\u00fcvenlik firmas\u0131 taraf\u0131ndan sa\u011flanmaktad\u0131r.<\/p>\n<p style=\"text-align: center;\">1 Vardiya Amiri ve 9 G\u00fcvenlik Personeliyle 7\/24 Hizmet verilmektedir.<\/p>\n<p style=\"text-align: center;\"><strong>G\u00fcvenlik 7\/24 \u0130leti\u015fim Bilgisi: 0505 971 45 90<\/strong><\/p>\n<p>\t\t\t\t\t\t\t\t\t\t\t\t\t\t\t<img decoding=\"async\" width=\"225\" height=\"225\" src=\"http:\/\/rosemarinesitesi.net\/wp-content\/uploads\/2021\/12\/tav.png\" alt=\"\" loading=\"lazy\" srcset=\"http:\/\/rosemarinesitesi.net\/wp-content\/uploads\/2021\/12\/tav.png 225w, http:\/\/rosemarinesitesi.net\/wp-content\/uploads\/2021\/12\/tav-150x150.png 150w\" sizes=\"auto, (max-width: 225px) 100vw, 225px\" \/>\t\t\t\t\t\t\t\t\t\t\t\t\t\t\t<\/p>\n<h2 style=\"text-align: center;\">PEYZAJ<\/h2>\n<p>Sitemizin peyzaj i\u015fleri Europest firmas\u0131 taraf\u0131ndan yap\u0131lmakta ve d\u00fczenli sade bir \u00e7evre d\u00fczenlemesi ile her mevsim g\u00fczel g\u00f6r\u00fcn\u00fcm sa\u011flanmaktad\u0131r<\/p>\n<p>\u00a0<\/p>\n<p>\t\t\t\t\t\t\t\t\t\t\t\t\t\t\t<img decoding=\"async\" width=\"539\" height=\"303\" src=\"http:\/\/rosemarinesitesi.net\/wp-content\/uploads\/2021\/12\/p2-539x303.jpg\" alt=\"\" loading=\"lazy\" \/><br \/>\n\t\t\t\t\t\t\t\t\t\t\t\t\t\t\t<img decoding=\"async\" width=\"539\" height=\"303\" src=\"http:\/\/rosemarinesitesi.net\/wp-content\/uploads\/2021\/12\/p1-539x303.jpg\" alt=\"\" loading=\"lazy\" \/>\t\t\t\t\t\t\t\t\t\t\t\t\t\t\t<\/p>\n<h2 style=\"text-align: center;\">Temizlik<\/h2>\n<p>Sitemizin temizlik i\u015fleri sitemiz b\u00fcnyesinde \u00e7al\u0131\u015fan 8 temizlik personeli taraf\u0131ndan titizlikle yap\u0131lmaktad\u0131r. 20 Blok ve \u00e7evre temizli\u011fi d\u00fczenli olarak yap\u0131lmaktad\u0131r.<\/p>\n<p>\u00c7\u00f6p Al\u0131m Saatlerimiz; Hafta i\u00e7i Sabah :09:00 Ak\u015fam: 16:00 saatlerindedir. Hafta Sonu Sabah: 10:00 Ak\u015fam: 16:00 saatlerindedir.<\/p>\n<p><\/p>\n<p>\u00c7\u00f6p al\u0131m saatleri d\u0131\u015f\u0131nda blok koridorlar\u0131na \u00e7\u00f6p b\u0131rak\u0131lmas\u0131 kesinlikle yasakt\u0131r.<\/p>\n<\/p>\n<p>\t\t\t\t\t\t\t\t\t\t\t\t\t\t\t<img decoding=\"async\" width=\"539\" height=\"303\" src=\"http:\/\/rosemarinesitesi.net\/wp-content\/uploads\/2021\/12\/pest-539x303.png\" alt=\"\" loading=\"lazy\" \/><br \/>\n\t\t\t\t\t\t\t\t\t\t\t\t\t\t\t<img decoding=\"async\" width=\"539\" height=\"303\" src=\"http:\/\/rosemarinesitesi.net\/wp-content\/uploads\/2021\/12\/k_12212124_corona-600_hd-539x303.jpg\" alt=\"\" loading=\"lazy\" srcset=\"http:\/\/rosemarinesitesi.net\/wp-content\/uploads\/2021\/12\/k_12212124_corona-600_hd-539x303.jpg 539w, http:\/\/rosemarinesitesi.net\/wp-content\/uploads\/2021\/12\/k_12212124_corona-600_hd-300x169.jpg 300w, http:\/\/rosemarinesitesi.net\/wp-content\/uploads\/2021\/12\/k_12212124_corona-600_hd-1024x575.jpg 1024w, http:\/\/rosemarinesitesi.net\/wp-content\/uploads\/2021\/12\/k_12212124_corona-600_hd-768x431.jpg 768w, http:\/\/rosemarinesitesi.net\/wp-content\/uploads\/2021\/12\/k_12212124_corona-600_hd-700x393.jpg 700w, http:\/\/rosemarinesitesi.net\/wp-content\/uploads\/2021\/12\/k_12212124_corona-600_hd.jpg 1150w\" sizes=\"auto, (max-width: 539px) 100vw, 539px\" \/>\t\t\t\t\t\t\t\t\t\t\t\t\t\t\t<\/p>\n<h2 style=\"text-align: center;\">TEKN\u0130K<\/h2>\n<p>B\u00fcnyemizde \u00e7al\u0131\u015fan elektrik teknisyeni ve s\u0131hhi tesisat personeli ile ortak alanlara ve dairelere hizmet vermekteyiz.\u00a0 Teknik personellerin dairelerde ki hizmet s\u00fcreleri 15 dakika ile s\u0131n\u0131rl\u0131d\u0131r. Tv montaj\u0131 &#8211; Korni\u015f montaj\u0131 vb. i\u015fler yap\u0131lmamaktad\u0131r. Personel talebi i\u00e7in mesai saatleri i\u00e7inde 0212 863 76 67 numaral\u0131 santral hatt\u0131ndan hizmet alabilirsiniz.\u00a0<\/p>\n<p>\t\t\t\t\t\t\t\t\t\t\t\t\t\t\t<img decoding=\"async\" width=\"539\" height=\"303\" src=\"http:\/\/rosemarinesitesi.net\/wp-content\/uploads\/2022\/01\/tesisat-539x303.jpg\" alt=\"\" loading=\"lazy\" \/><br \/>\n\t\t\t\t\t\t\t\t\t\t\t\t\t\t\t<img decoding=\"async\" width=\"539\" height=\"303\" src=\"http:\/\/rosemarinesitesi.net\/wp-content\/uploads\/2021\/12\/elektrik.2jpg-539x303.jpg\" alt=\"\" loading=\"lazy\" \/><\/p>\n","protected":false},"excerpt":{"rendered":"<p>G\u00fcvenlik Sitemizin g\u00fcvenli\u011fi Avrupa&#8217;n\u0131n \u00f6nde gelen g\u00fcvenlik firmalar\u0131ndan\u00a0 TAV G\u00fcvenlik firmas\u0131 taraf\u0131ndan sa\u011flanmaktad\u0131r. 1 Vardiya Amiri ve 9 G\u00fcvenlik Personeliyle 7\/24 Hizmet verilmektedir. G\u00fcvenlik 7\/24 \u0130leti\u015fim Bilgisi: 0505 971 45 90 PEYZAJ Sitemizin peyzaj i\u015fleri Europest firmas\u0131 taraf\u0131ndan yap\u0131lmakta ve d\u00fczenli sade bir \u00e7evre d\u00fczenlemesi&#8230;<\/p>\n","protected":false},"author":1,"featured_media":0,"parent":0,"menu_order":0,"comment_status":"closed","ping_status":"closed","template":"","meta":{"footnotes":""},"class_list":["post-19029","page","type-page","status-publish","hentry"],"_links":{"self":[{"href":"http:\/\/rosemarinesitesi.net\/index.php\/wp-json\/wp\/v2\/pages\/19029","targetHints":{"allow":["GET"]}}],"collection":[{"href":"http:\/\/rosemarinesitesi.net\/index.php\/wp-json\/wp\/v2\/pages"}],"about":[{"href":"http:\/\/rosemarinesitesi.net\/index.php\/wp-json\/wp\/v2\/types\/page"}],"author":[{"embeddable":true,"href":"http:\/\/rosemarinesitesi.net\/index.php\/wp-json\/wp\/v2\/users\/1"}],"replies":[{"embeddable":true,"href":"http:\/\/rosemarinesitesi.net\/index.php\/wp-json\/wp\/v2\/comments?post=19029"}],"version-history":[{"count":44,"href":"http:\/\/rosemarinesitesi.net\/index.php\/wp-json\/wp\/v2\/pages\/19029\/revisions"}],"predecessor-version":[{"id":19472,"href":"http:\/\/rosemarinesitesi.net\/index.php\/wp-json\/wp\/v2\/pages\/19029\/revisions\/19472"}],"wp:attachment":[{"href":"http:\/\/rosemarinesitesi.net\/index.php\/wp-json\/wp\/v2\/media?parent=19029"}],"curies":[{"name":"wp","href":"https:\/\/api.w.org\/{rel}","templated":true}]}}